{"id":25,"date":"2022-12-26T17:02:20","date_gmt":"2022-12-26T16:02:20","guid":{"rendered":"https:\/\/accoglienza-ugozzolo.com\/?page_id=25"},"modified":"2022-12-28T03:03:33","modified_gmt":"2022-12-28T02:03:33","slug":"servizi","status":"publish","type":"page","link":"https:\/\/accoglienza-ugozzolo.com\/index.php\/servizi\/","title":{"rendered":"Servizi"},"content":{"rendered":"\n<p>L&#8217;Associazione di volontariato San Giuseppe si \u00e8 costituita a Parma e opera in campo sociale per&nbsp;<strong>aiutare<\/strong>&nbsp;persone disagiate, emarginate e in difficolt\u00e0 nella soluzione dei loro problemi, ma anche per&nbsp;<strong>inserirle<\/strong>&nbsp;e reinserirle nella comunit\u00e0 e nell&#8217;attivit\u00e0 lavorativa.<\/p>\n\n\n\n<p>Si propone di dare&nbsp;<strong>assistenza<\/strong>&nbsp;morale e religiosa per recuperare valori umani e spirituali necessari per vivere con dignit\u00e0 e coraggio.<\/p>\n\n\n\n<p>Per raggiungere gli scopi statutari, l&#8217;associazione gestisce&nbsp;<strong>case di accoglienza<\/strong>&nbsp;per uomini e donne.<\/p>\n\n\n\n<p>Una prima accoglienza permette alla persona di inserirsi pi\u00f9 facilmente nel contesto sociale, di acquisire stabilit\u00e0, di pensare ad un futuro, di cercare una casa e di riunire la propria famiglia.<\/p>\n\n\n\n<div class=\"wp-block-file\"><a id=\"wp-block-file--media-7e414cd7-861f-4bcb-a4a4-5a60ff037f79\" href=\"https:\/\/accoglienza-ugozzolo.com\/wp-content\/uploads\/2022\/12\/CARTA-DEI-SERVIZI.pdf\">CARTA DEI SERVIZI<\/a><a href=\"https:\/\/accoglienza-ugozzolo.com\/wp-content\/uploads\/2022\/12\/CARTA-DEI-SERVIZI.pdf\" class=\"wp-block-file__button wp-element-button\" download aria-describedby=\"wp-block-file--media-7e414cd7-861f-4bcb-a4a4-5a60ff037f79\">Download<\/a><\/div>\n","protected":false},"excerpt":{"rendered":"<p>L&#8217;Associazione di volontariato San Giuseppe si \u00e8 costituita a Parma e opera in campo sociale per&nbsp;aiutare&nbsp;persone disagiate, emarginate e in difficolt\u00e0 nella soluzione dei loro problemi, ma anche per&nbsp;inserirle&nbsp;e reinserirle nella comunit\u00e0 e nell&#8217;attivit\u00e0 lavorativa. Si propone di dare&nbsp;assistenza&nbsp;morale e religiosa per recuperare valori umani e spirituali necessari per vivere con dignit\u00e0 e coraggio. Per&hellip; <a class=\"more-link\" href=\"https:\/\/accoglienza-ugozzolo.com\/index.php\/servizi\/\">Continua a leggere <span class=\"screen-reader-text\">Servizi<\/span><\/a><\/p>\n","protected":false},"author":1,"featured_media":0,"parent":0,"menu_order":0,"comment_status":"closed","ping_status":"closed","template":"","meta":{"footnotes":""},"class_list":["post-25","page","type-page","status-publish","hentry","entry"],"_links":{"self":[{"href":"https:\/\/accoglienza-ugozzolo.com\/index.php\/wp-json\/wp\/v2\/pages\/25","targetHints":{"allow":["GET"]}}],"collection":[{"href":"https:\/\/accoglienza-ugozzolo.com\/index.php\/wp-json\/wp\/v2\/pages"}],"about":[{"href":"https:\/\/accoglienza-ugozzolo.com\/index.php\/wp-json\/wp\/v2\/types\/page"}],"author":[{"embeddable":true,"href":"https:\/\/accoglienza-ugozzolo.com\/index.php\/wp-json\/wp\/v2\/users\/1"}],"replies":[{"embeddable":true,"href":"https:\/\/accoglienza-ugozzolo.com\/index.php\/wp-json\/wp\/v2\/comments?post=25"}],"version-history":[{"count":6,"href":"https:\/\/accoglienza-ugozzolo.com\/index.php\/wp-json\/wp\/v2\/pages\/25\/revisions"}],"predecessor-version":[{"id":118,"href":"https:\/\/accoglienza-ugozzolo.com\/index.php\/wp-json\/wp\/v2\/pages\/25\/revisions\/118"}],"wp:attachment":[{"href":"https:\/\/accoglienza-ugozzolo.com\/index.php\/wp-json\/wp\/v2\/media?parent=25"}],"curies":[{"name":"wp","href":"https:\/\/api.w.org\/{rel}","templated":true}]}}