{"id":27,"date":"2022-12-26T17:02:20","date_gmt":"2022-12-26T16:02:20","guid":{"rendered":"https:\/\/accoglienza-ugozzolo.com\/?page_id=27"},"modified":"2025-12-20T17:52:10","modified_gmt":"2025-12-20T16:52:10","slug":"storia","status":"publish","type":"page","link":"https:\/\/accoglienza-ugozzolo.com\/index.php\/storia\/","title":{"rendered":"Storia"},"content":{"rendered":"\n<p>L&#8217;associazione di volontariato San Giuseppe \u00e8 stata fondata da Maria Bonati nel 1986, ed \u00e8 iscritta all&#8217;albo regionale del Volontariato. <\/p>\n\n\n\n<p>La fondatrice fin dalla sua creazione ha dato un impronta ben precisa, secondo la sua vocazione. Occorreva aiutare immediatamente, fisicamente e moralmente le persone pi\u00f9 disagiate ed in estrema, talvolta temporanea, difficolt\u00e0 nella soluzione dei loro problemi. Il fine ultimo era creare una realt\u00e0 solida e concreta che, ispirata da amorevole carit\u00e0 cristiana, potesse aiutare le persone nel momento della difficolt\u00e0 e permettere loro di reintegrarsi nella comunit\u00e0 e nell&#8217;attivit\u00e0 lavorativa.<\/p>\n\n\n\n<p>Per raggiungere questo scopo e poter supportare quanta pi\u00f9 gente possibile, ha fondato 3 case di prima accoglienza. Nel 1986 ha aperto la casa di accoglienza San Giuseppe, nel 1993 la Casa di accoglienza di Santa Chiara e nel 1999 la casa d&#8217;accoglienza Maria Immacolata.<\/p>\n\n\n\n<p>Negli anni l&#8217;associazione ha aiutato migliaia di persone a reinserirsi nella societ\u00e0.<\/p>\n\n\n\n<p><\/p>\n\n\n\n<p><\/p>\n\n\n\n<figure class=\"wp-block-gallery has-nested-images columns-default is-cropped wp-block-gallery-1 is-layout-flex wp-block-gallery-is-layout-flex\">\n<figure class=\"wp-block-image size-large\"><img loading=\"lazy\" decoding=\"async\" width=\"300\" height=\"225\" data-id=\"64\" src=\"https:\/\/accoglienza-ugozzolo.com\/wp-content\/uploads\/2022\/12\/s_giuseppe06.jpg\" alt=\"\" class=\"wp-image-64\"\/><figcaption class=\"wp-element-caption\">San Giuseppe<\/figcaption><\/figure>\n\n\n\n<figure class=\"wp-block-image size-large\"><img loading=\"lazy\" decoding=\"async\" width=\"300\" height=\"226\" data-id=\"39\" src=\"https:\/\/accoglienza-ugozzolo.com\/wp-content\/uploads\/2022\/12\/maria-immacolata.jpg\" alt=\"\" class=\"wp-image-39\"\/><figcaption class=\"wp-element-caption\">Maria Immacolata<\/figcaption><\/figure>\n\n\n\n<figure class=\"wp-block-image size-large\"><img loading=\"lazy\" decoding=\"async\" width=\"300\" height=\"226\" data-id=\"47\" src=\"https:\/\/accoglienza-ugozzolo.com\/wp-content\/uploads\/2022\/12\/santa-chiara.jpg\" alt=\"\" class=\"wp-image-47\"\/><figcaption class=\"wp-element-caption\">Santa Chiara<\/figcaption><\/figure>\n<\/figure>\n","protected":false},"excerpt":{"rendered":"<p>L&#8217;associazione di volontariato San Giuseppe \u00e8 stata fondata da Maria Bonati nel 1986, ed \u00e8 iscritta all&#8217;albo regionale del Volontariato. La fondatrice fin dalla sua creazione ha dato un impronta ben precisa, secondo la sua vocazione. Occorreva aiutare immediatamente, fisicamente e moralmente le persone pi\u00f9 disagiate ed in estrema, talvolta temporanea, difficolt\u00e0 nella soluzione dei&hellip; <a class=\"more-link\" href=\"https:\/\/accoglienza-ugozzolo.com\/index.php\/storia\/\">Continua a leggere <span class=\"screen-reader-text\">Storia<\/span><\/a><\/p>\n","protected":false},"author":1,"featured_media":0,"parent":0,"menu_order":0,"comment_status":"closed","ping_status":"closed","template":"","meta":{"footnotes":""},"class_list":["post-27","page","type-page","status-publish","hentry","entry"],"_links":{"self":[{"href":"https:\/\/accoglienza-ugozzolo.com\/index.php\/wp-json\/wp\/v2\/pages\/27","targetHints":{"allow":["GET"]}}],"collection":[{"href":"https:\/\/accoglienza-ugozzolo.com\/index.php\/wp-json\/wp\/v2\/pages"}],"about":[{"href":"https:\/\/accoglienza-ugozzolo.com\/index.php\/wp-json\/wp\/v2\/types\/page"}],"author":[{"embeddable":true,"href":"https:\/\/accoglienza-ugozzolo.com\/index.php\/wp-json\/wp\/v2\/users\/1"}],"replies":[{"embeddable":true,"href":"https:\/\/accoglienza-ugozzolo.com\/index.php\/wp-json\/wp\/v2\/comments?post=27"}],"version-history":[{"count":5,"href":"https:\/\/accoglienza-ugozzolo.com\/index.php\/wp-json\/wp\/v2\/pages\/27\/revisions"}],"predecessor-version":[{"id":131,"href":"https:\/\/accoglienza-ugozzolo.com\/index.php\/wp-json\/wp\/v2\/pages\/27\/revisions\/131"}],"wp:attachment":[{"href":"https:\/\/accoglienza-ugozzolo.com\/index.php\/wp-json\/wp\/v2\/media?parent=27"}],"curies":[{"name":"wp","href":"https:\/\/api.w.org\/{rel}","templated":true}]}}